{"id":249,"date":"2024-10-20T22:45:50","date_gmt":"2024-10-21T01:45:50","guid":{"rendered":"https:\/\/eltaller.info\/?post_type=product&#038;p=249"},"modified":"2024-10-20T22:45:50","modified_gmt":"2024-10-21T01:45:50","slug":"maquina-de-escribir","status":"publish","type":"product","link":"https:\/\/eltaller.info\/?product=maquina-de-escribir","title":{"rendered":"M\u00e1quina de escribir"},"content":{"rendered":"<p>M\u00e1quina de escribir. Circa 1970, quiz\u00e1s 1980.<\/p>\n<p>Anda perfecto. Le queda poca cinta, pero se consigue o se recarga con un poco de tinta.<\/p>\n<p>Pod\u00e9s probarla.<\/p>\n<p>&nbsp;<\/p>\n","protected":false},"excerpt":{"rendered":"<p>M\u00e1quina de escribir. Circa 1970, quiz\u00e1s 1980. Anda perfecto. Le queda poca cinta, pero se consigue o se recarga con un poco de tinta. Pod\u00e9s probarla. &nbsp;<\/p>\n","protected":false},"featured_media":148,"comment_status":"open","ping_status":"closed","template":"","meta":[],"product_brand":[],"product_cat":[19],"product_tag":[],"class_list":{"0":"post-249","1":"product","2":"type-product","3":"status-publish","4":"has-post-thumbnail","6":"product_cat-artefactos","8":"first","9":"instock","10":"taxable","11":"shipping-taxable","12":"purchasable","13":"product-type-simple"},"_links":{"self":[{"href":"https:\/\/eltaller.info\/index.php?rest_route=\/wp\/v2\/product\/249","targetHints":{"allow":["GET"]}}],"collection":[{"href":"https:\/\/eltaller.info\/index.php?rest_route=\/wp\/v2\/product"}],"about":[{"href":"https:\/\/eltaller.info\/index.php?rest_route=\/wp\/v2\/types\/product"}],"replies":[{"embeddable":true,"href":"https:\/\/eltaller.info\/index.php?rest_route=%2Fwp%2Fv2%2Fcomments&post=249"}],"wp:featuredmedia":[{"embeddable":true,"href":"https:\/\/eltaller.info\/index.php?rest_route=\/wp\/v2\/media\/148"}],"wp:attachment":[{"href":"https:\/\/eltaller.info\/index.php?rest_route=%2Fwp%2Fv2%2Fmedia&parent=249"}],"wp:term":[{"taxonomy":"product_brand","embeddable":true,"href":"https:\/\/eltaller.info\/index.php?rest_route=%2Fwp%2Fv2%2Fproduct_brand&post=249"},{"taxonomy":"product_cat","embeddable":true,"href":"https:\/\/eltaller.info\/index.php?rest_route=%2Fwp%2Fv2%2Fproduct_cat&post=249"},{"taxonomy":"product_tag","embeddable":true,"href":"https:\/\/eltaller.info\/index.php?rest_route=%2Fwp%2Fv2%2Fproduct_tag&post=249"}],"curies":[{"name":"wp","href":"https:\/\/api.w.org\/{rel}","templated":true}]}}