{"id":540,"date":"2025-04-11T19:58:23","date_gmt":"2025-04-11T22:58:23","guid":{"rendered":"https:\/\/eltaller.info\/?post_type=product&#038;p=540"},"modified":"2025-04-11T20:22:25","modified_gmt":"2025-04-11T23:22:25","slug":"540","status":"publish","type":"product","link":"https:\/\/eltaller.info\/?product=540","title":{"rendered":"Big City"},"content":{"rendered":"<p><strong><a href=\"https:\/\/www.instagram.com\/maxartpainting\">Max Araujo<\/a><\/strong>. Nacido en Buenos Aires, Argentina. Max Araujo ha desarrollado su carrera viviendo en Argentina, Nueva York, Brasil y Madrid. Sus obras fueron expuestas en \u00c1msterdam, Madrid, Mallorca, Singapur, Miami, Par\u00eds, Ruman\u00eda, Hong Kong, Suiza, Barcelona, Luxemburgo, Brasil y Argentina. Sus pinturas se pueden encontrar en colecciones privadas de\u00a0todo\u00a0el\u00a0mundo.<\/p>\n<p>&nbsp;<\/p>\n","protected":false},"excerpt":{"rendered":"<p>Max Araujo. Nacido en Buenos Aires, Argentina. Max Araujo ha desarrollado su carrera viviendo en Argentina, Nueva York, Brasil y Madrid. Sus obras fueron expuestas en \u00c1msterdam, Madrid, Mallorca, Singapur, Miami, Par\u00eds, Ruman\u00eda, Hong Kong, Suiza, Barcelona, Luxemburgo, Brasil y Argentina. Sus pinturas se pueden encontrar en colecciones privadas de\u00a0todo\u00a0el\u00a0mundo. &nbsp;<\/p>\n","protected":false},"featured_media":541,"comment_status":"open","ping_status":"closed","template":"","meta":[],"product_brand":[],"product_cat":[23],"product_tag":[],"class_list":{"0":"post-540","1":"product","2":"type-product","3":"status-publish","4":"has-post-thumbnail","6":"product_cat-arte","8":"first","9":"instock","10":"featured","11":"taxable","12":"shipping-taxable","13":"product-type-simple"},"_links":{"self":[{"href":"https:\/\/eltaller.info\/index.php?rest_route=\/wp\/v2\/product\/540","targetHints":{"allow":["GET"]}}],"collection":[{"href":"https:\/\/eltaller.info\/index.php?rest_route=\/wp\/v2\/product"}],"about":[{"href":"https:\/\/eltaller.info\/index.php?rest_route=\/wp\/v2\/types\/product"}],"replies":[{"embeddable":true,"href":"https:\/\/eltaller.info\/index.php?rest_route=%2Fwp%2Fv2%2Fcomments&post=540"}],"wp:featuredmedia":[{"embeddable":true,"href":"https:\/\/eltaller.info\/index.php?rest_route=\/wp\/v2\/media\/541"}],"wp:attachment":[{"href":"https:\/\/eltaller.info\/index.php?rest_route=%2Fwp%2Fv2%2Fmedia&parent=540"}],"wp:term":[{"taxonomy":"product_brand","embeddable":true,"href":"https:\/\/eltaller.info\/index.php?rest_route=%2Fwp%2Fv2%2Fproduct_brand&post=540"},{"taxonomy":"product_cat","embeddable":true,"href":"https:\/\/eltaller.info\/index.php?rest_route=%2Fwp%2Fv2%2Fproduct_cat&post=540"},{"taxonomy":"product_tag","embeddable":true,"href":"https:\/\/eltaller.info\/index.php?rest_route=%2Fwp%2Fv2%2Fproduct_tag&post=540"}],"curies":[{"name":"wp","href":"https:\/\/api.w.org\/{rel}","templated":true}]}}