{"id":542,"date":"2025-04-11T20:01:24","date_gmt":"2025-04-11T23:01:24","guid":{"rendered":"https:\/\/eltaller.info\/?post_type=product&#038;p=542"},"modified":"2025-04-11T20:22:25","modified_gmt":"2025-04-11T23:22:25","slug":"inspiracion","status":"publish","type":"product","link":"https:\/\/eltaller.info\/?product=inspiracion","title":{"rendered":"Inspiraci\u00f3n"},"content":{"rendered":"<p><strong><a href=\"https:\/\/www.instagram.com\/viviberthetarte\">Vivi Berthet<\/a><\/strong>. Artista visual. En su Laboratorio de Arte, desde 2019 acompa\u00f1a los procesos de b\u00fasqueda e identidad art\u00edstica de quienes asisten. Especialista en el uso de pintura asf\u00e1ltica, participa en numerosas ferias de arte en el pa\u00eds y\u00a0en\u00a0el\u00a0exterior.<\/p>\n","protected":false},"excerpt":{"rendered":"<p>Vivi Berthet. Artista visual. En su Laboratorio de Arte, desde 2019 acompa\u00f1a los procesos de b\u00fasqueda e identidad art\u00edstica de quienes asisten. Especialista en el uso de pintura asf\u00e1ltica, participa en numerosas ferias de arte en el pa\u00eds y\u00a0en\u00a0el\u00a0exterior.<\/p>\n","protected":false},"featured_media":543,"comment_status":"open","ping_status":"closed","template":"","meta":[],"product_brand":[],"product_cat":[23],"product_tag":[],"class_list":{"0":"post-542","1":"product","2":"type-product","3":"status-publish","4":"has-post-thumbnail","6":"product_cat-arte","8":"first","9":"instock","10":"featured","11":"taxable","12":"shipping-taxable","13":"product-type-simple"},"_links":{"self":[{"href":"https:\/\/eltaller.info\/index.php?rest_route=\/wp\/v2\/product\/542","targetHints":{"allow":["GET"]}}],"collection":[{"href":"https:\/\/eltaller.info\/index.php?rest_route=\/wp\/v2\/product"}],"about":[{"href":"https:\/\/eltaller.info\/index.php?rest_route=\/wp\/v2\/types\/product"}],"replies":[{"embeddable":true,"href":"https:\/\/eltaller.info\/index.php?rest_route=%2Fwp%2Fv2%2Fcomments&post=542"}],"wp:featuredmedia":[{"embeddable":true,"href":"https:\/\/eltaller.info\/index.php?rest_route=\/wp\/v2\/media\/543"}],"wp:attachment":[{"href":"https:\/\/eltaller.info\/index.php?rest_route=%2Fwp%2Fv2%2Fmedia&parent=542"}],"wp:term":[{"taxonomy":"product_brand","embeddable":true,"href":"https:\/\/eltaller.info\/index.php?rest_route=%2Fwp%2Fv2%2Fproduct_brand&post=542"},{"taxonomy":"product_cat","embeddable":true,"href":"https:\/\/eltaller.info\/index.php?rest_route=%2Fwp%2Fv2%2Fproduct_cat&post=542"},{"taxonomy":"product_tag","embeddable":true,"href":"https:\/\/eltaller.info\/index.php?rest_route=%2Fwp%2Fv2%2Fproduct_tag&post=542"}],"curies":[{"name":"wp","href":"https:\/\/api.w.org\/{rel}","templated":true}]}}