{"id":548,"date":"2025-04-11T20:11:53","date_gmt":"2025-04-11T23:11:53","guid":{"rendered":"https:\/\/eltaller.info\/?post_type=product&#038;p=548"},"modified":"2025-04-11T20:22:25","modified_gmt":"2025-04-11T23:22:25","slug":"los-buenos-y-los-malos-todos-fuimos-ninos","status":"publish","type":"product","link":"https:\/\/eltaller.info\/?product=los-buenos-y-los-malos-todos-fuimos-ninos","title":{"rendered":"Los buenos y los malos, todos fuimos ni\u00f1os"},"content":{"rendered":"<p><strong><a href=\"https:\/\/www.instagram.com\/gustavo_herrera_art\">Gustavo Herrera<\/a><\/strong>. Artista pl\u00e1stico. Nacido en Buenos Aires, en 1966. Residente en Benavidez, partido de Tigre, Provincia de Buenos Aires. Realizo sus estudios de arte en la Escuela Manuel Belgrano y en la Prilidiano Pueyrredon. Asisti\u00f3 a los talleres de pintura de la artista Beatriz Alonso, y de escultura del artista Fernando Garc\u00eda Curten. Ganador del 1er Premio del Sal\u00f3n Nacional Carlos Regazzoni, en el a\u00f1o 2014. 1er Premio de Pintura, en Galeria Braque, en el a\u00f1o 2013. Ha participado en numerosas exposiciones colectivas e individuales. Sus obras forman parte de colecciones privadas en el pa\u00eds y\u00a0en\u00a0el\u00a0exterior.<\/p>\n","protected":false},"excerpt":{"rendered":"<p>Gustavo Herrera. Artista pl\u00e1stico. Nacido en Buenos Aires, en 1966. Residente en Benavidez, partido de Tigre, Provincia de Buenos Aires. Realizo sus estudios de arte en la Escuela Manuel Belgrano y en la Prilidiano Pueyrredon. Asisti\u00f3 a los talleres de pintura de la artista Beatriz Alonso, y de escultura del artista Fernando Garc\u00eda Curten. Ganador [&hellip;]<\/p>\n","protected":false},"featured_media":550,"comment_status":"open","ping_status":"closed","template":"","meta":[],"product_brand":[],"product_cat":[23],"product_tag":[],"class_list":{"0":"post-548","1":"product","2":"type-product","3":"status-publish","4":"has-post-thumbnail","6":"product_cat-arte","8":"first","9":"instock","10":"featured","11":"taxable","12":"shipping-taxable","13":"product-type-simple"},"_links":{"self":[{"href":"https:\/\/eltaller.info\/index.php?rest_route=\/wp\/v2\/product\/548","targetHints":{"allow":["GET"]}}],"collection":[{"href":"https:\/\/eltaller.info\/index.php?rest_route=\/wp\/v2\/product"}],"about":[{"href":"https:\/\/eltaller.info\/index.php?rest_route=\/wp\/v2\/types\/product"}],"replies":[{"embeddable":true,"href":"https:\/\/eltaller.info\/index.php?rest_route=%2Fwp%2Fv2%2Fcomments&post=548"}],"wp:featuredmedia":[{"embeddable":true,"href":"https:\/\/eltaller.info\/index.php?rest_route=\/wp\/v2\/media\/550"}],"wp:attachment":[{"href":"https:\/\/eltaller.info\/index.php?rest_route=%2Fwp%2Fv2%2Fmedia&parent=548"}],"wp:term":[{"taxonomy":"product_brand","embeddable":true,"href":"https:\/\/eltaller.info\/index.php?rest_route=%2Fwp%2Fv2%2Fproduct_brand&post=548"},{"taxonomy":"product_cat","embeddable":true,"href":"https:\/\/eltaller.info\/index.php?rest_route=%2Fwp%2Fv2%2Fproduct_cat&post=548"},{"taxonomy":"product_tag","embeddable":true,"href":"https:\/\/eltaller.info\/index.php?rest_route=%2Fwp%2Fv2%2Fproduct_tag&post=548"}],"curies":[{"name":"wp","href":"https:\/\/api.w.org\/{rel}","templated":true}]}}