{"id":551,"date":"2025-04-11T20:13:30","date_gmt":"2025-04-11T23:13:30","guid":{"rendered":"https:\/\/eltaller.info\/?post_type=product&#038;p=551"},"modified":"2025-04-11T20:22:25","modified_gmt":"2025-04-11T23:22:25","slug":"hay-aguas-que-abren-paso","status":"publish","type":"product","link":"https:\/\/eltaller.info\/?product=hay-aguas-que-abren-paso","title":{"rendered":"Hay aguas que abren paso"},"content":{"rendered":"<p><strong><a href=\"https:\/\/www.instagram.com\/rominamont.ok\">Romina Mont<\/a><\/strong>. Artista visual, escritora y profesora de yoga. Tras la edici\u00f3n de sus libros -&#8220;Orgullo Goy&#8221; y &#8220;El mundo de Eli\u00e1n&#8221;- encontr\u00f3 en la pintura su nuevo lenguaje, integrando el yoga y la meditaci\u00f3n como catalizador de su proceso creativo. A partir del 2020, comenz\u00f3 a transformar sus obras en objetos de la vida cotidiana. Actualmente, tambi\u00e9n participa en numerosas exposiciones. Sus obras forman parte de colecciones privadas en Argentina, Ecuador, Espa\u00f1a\u00a0e\u00a0Israel.<\/p>\n","protected":false},"excerpt":{"rendered":"<p>Romina Mont. Artista visual, escritora y profesora de yoga. Tras la edici\u00f3n de sus libros -&#8220;Orgullo Goy&#8221; y &#8220;El mundo de Eli\u00e1n&#8221;- encontr\u00f3 en la pintura su nuevo lenguaje, integrando el yoga y la meditaci\u00f3n como catalizador de su proceso creativo. A partir del 2020, comenz\u00f3 a transformar sus obras en objetos de la vida [&hellip;]<\/p>\n","protected":false},"featured_media":552,"comment_status":"open","ping_status":"closed","template":"","meta":[],"product_brand":[],"product_cat":[23],"product_tag":[],"class_list":{"0":"post-551","1":"product","2":"type-product","3":"status-publish","4":"has-post-thumbnail","6":"product_cat-arte","8":"first","9":"instock","10":"featured","11":"taxable","12":"shipping-taxable","13":"product-type-simple"},"_links":{"self":[{"href":"https:\/\/eltaller.info\/index.php?rest_route=\/wp\/v2\/product\/551","targetHints":{"allow":["GET"]}}],"collection":[{"href":"https:\/\/eltaller.info\/index.php?rest_route=\/wp\/v2\/product"}],"about":[{"href":"https:\/\/eltaller.info\/index.php?rest_route=\/wp\/v2\/types\/product"}],"replies":[{"embeddable":true,"href":"https:\/\/eltaller.info\/index.php?rest_route=%2Fwp%2Fv2%2Fcomments&post=551"}],"wp:featuredmedia":[{"embeddable":true,"href":"https:\/\/eltaller.info\/index.php?rest_route=\/wp\/v2\/media\/552"}],"wp:attachment":[{"href":"https:\/\/eltaller.info\/index.php?rest_route=%2Fwp%2Fv2%2Fmedia&parent=551"}],"wp:term":[{"taxonomy":"product_brand","embeddable":true,"href":"https:\/\/eltaller.info\/index.php?rest_route=%2Fwp%2Fv2%2Fproduct_brand&post=551"},{"taxonomy":"product_cat","embeddable":true,"href":"https:\/\/eltaller.info\/index.php?rest_route=%2Fwp%2Fv2%2Fproduct_cat&post=551"},{"taxonomy":"product_tag","embeddable":true,"href":"https:\/\/eltaller.info\/index.php?rest_route=%2Fwp%2Fv2%2Fproduct_tag&post=551"}],"curies":[{"name":"wp","href":"https:\/\/api.w.org\/{rel}","templated":true}]}}