{"id":557,"date":"2025-04-11T20:17:42","date_gmt":"2025-04-11T23:17:42","guid":{"rendered":"https:\/\/eltaller.info\/?post_type=product&#038;p=557"},"modified":"2025-04-11T20:22:24","modified_gmt":"2025-04-11T23:22:24","slug":"nadie-es-dueno-del-cielo","status":"publish","type":"product","link":"https:\/\/eltaller.info\/?product=nadie-es-dueno-del-cielo","title":{"rendered":"Nadie es due\u00f1o del cielo"},"content":{"rendered":"<p><strong><a href=\"https:\/\/www.instagram.com\/dzilbersztein\">Dar\u00edo Zilbersztein<\/a><\/strong>. Arquitecto, artista visual, gestor cultural. Nacido en Buenos Aires, en 1965. Graduado en Arquitectura en 1992, en la Universidad Nacional de Buenos Aires. De formaci\u00f3n pict\u00f3rica autodidacta, se manifiesta principalmente a trav\u00e9s del surrealismo. Fundador y director del Espacio de Arte Gusta Tu Gusto. Fue director y curador de Arteme, la Galer\u00eda de Artistas Emergentes del artista Carlos Regazzoni. Ha participado y organizado numerosas exposiciones colectivas e individuales incluidos el Museo Metropolitano de Arte Urbano (CBA), Centro Cultural Borges, Bs As Design, UCES, UNGS, Honorable Consejo Deliberante de Vicente L\u00f3pez, Paseo de las Artes Pedro de Mendoza, Norcenter, y diversas galer\u00edas y espacios de arte del pa\u00eds y del exterior. Ha realizado intervenciones urbanas y muralismo en CABA y en el conurbano Bonaerense. Sus obras forman parte de colecciones privadas en varios pa\u00edses y han sido seleccionadas en diversos concursos nacionales e internacionales.<\/p>\n","protected":false},"excerpt":{"rendered":"<p>Dar\u00edo Zilbersztein. Arquitecto, artista visual, gestor cultural. Nacido en Buenos Aires, en 1965. Graduado en Arquitectura en 1992, en la Universidad Nacional de Buenos Aires. De formaci\u00f3n pict\u00f3rica autodidacta, se manifiesta principalmente a trav\u00e9s del surrealismo. Fundador y director del Espacio de Arte Gusta Tu Gusto. Fue director y curador de Arteme, la Galer\u00eda de [&hellip;]<\/p>\n","protected":false},"featured_media":558,"comment_status":"open","ping_status":"closed","template":"","meta":[],"product_brand":[],"product_cat":[23],"product_tag":[],"class_list":{"0":"post-557","1":"product","2":"type-product","3":"status-publish","4":"has-post-thumbnail","6":"product_cat-arte","8":"first","9":"instock","10":"featured","11":"taxable","12":"shipping-taxable","13":"product-type-simple"},"_links":{"self":[{"href":"https:\/\/eltaller.info\/index.php?rest_route=\/wp\/v2\/product\/557","targetHints":{"allow":["GET"]}}],"collection":[{"href":"https:\/\/eltaller.info\/index.php?rest_route=\/wp\/v2\/product"}],"about":[{"href":"https:\/\/eltaller.info\/index.php?rest_route=\/wp\/v2\/types\/product"}],"replies":[{"embeddable":true,"href":"https:\/\/eltaller.info\/index.php?rest_route=%2Fwp%2Fv2%2Fcomments&post=557"}],"wp:featuredmedia":[{"embeddable":true,"href":"https:\/\/eltaller.info\/index.php?rest_route=\/wp\/v2\/media\/558"}],"wp:attachment":[{"href":"https:\/\/eltaller.info\/index.php?rest_route=%2Fwp%2Fv2%2Fmedia&parent=557"}],"wp:term":[{"taxonomy":"product_brand","embeddable":true,"href":"https:\/\/eltaller.info\/index.php?rest_route=%2Fwp%2Fv2%2Fproduct_brand&post=557"},{"taxonomy":"product_cat","embeddable":true,"href":"https:\/\/eltaller.info\/index.php?rest_route=%2Fwp%2Fv2%2Fproduct_cat&post=557"},{"taxonomy":"product_tag","embeddable":true,"href":"https:\/\/eltaller.info\/index.php?rest_route=%2Fwp%2Fv2%2Fproduct_tag&post=557"}],"curies":[{"name":"wp","href":"https:\/\/api.w.org\/{rel}","templated":true}]}}